{"id":267,"date":"2024-04-19T19:29:36","date_gmt":"2024-04-19T17:29:36","guid":{"rendered":"https:\/\/www.sabinefriess.de\/wordpress\/?page_id=267"},"modified":"2025-08-18T14:08:52","modified_gmt":"2025-08-18T12:08:52","slug":"kinderwunsch-therapie-in-hamburg-und-darmstadt-als-einzel-oder-paartherapie","status":"publish","type":"page","link":"https:\/\/www.sabinefriess.de\/wordpress\/kinderwunsch-therapie-in-hamburg-und-darmstadt-als-einzel-oder-paartherapie\/","title":{"rendered":"Kinderwunsch \u2013 Raum geben, Vertrauen st\u00e4rken"},"content":{"rendered":"<div class=\"wp-block-image is-style-default\">\n<figure class=\"alignright size-full\"><img loading=\"lazy\" decoding=\"async\" width=\"250\" height=\"180\" src=\"https:\/\/www.sabinefriess.de\/wordpress\/wp-content\/uploads\/2024\/04\/Meike.jpg\" alt=\"Meike\" class=\"wp-image-268\"\/><\/figure>\n<\/div>\n\n\n<p>Ein Kind zu empfangen ist mehr als ein k\u00f6rperlicher Prozess \u2013 es ist oft ein tief empfundener Wunsch, der von Herzen kommt.<\/p>\n\n\n\n<p>In meiner Praxis biete ich dir \u2013 oder euch als Paar \u2013 einen gesch\u00fctzten Raum f\u00fcr achtsame Begleitung in dieser besonderen Lebensphase.<\/p>\n\n\n\n<p>Ob du dich auf eine nat\u00fcrliche Empf\u00e4ngnis vorbereitest oder eine reproduktionsmedizinische Behandlung begleitend unterst\u00fctzen m\u00f6chtest:<br>Ich arbeite mit ganzheitlichen Methoden, die dich in deiner k\u00f6rperlichen und emotionalen Stabilit\u00e4t st\u00e4rken k\u00f6nnen.<\/p>\n\n\n\n<p>In einem ruhigen, liebevollen Rahmen darfst du zur Ruhe kommen, dich mit deiner inneren Kraft verbinden \u2013 und dem, was gerade in dir lebendig ist, Raum geben.<\/p>\n\n\n\n<p>                                                                                  <strong>*******<\/strong><\/p>\n\n\n\n<p><strong>M\u00f6gliche Begleitangebote:<\/strong><\/p>\n\n\n\n<ul class=\"wp-block-list\">\n<li>Fruchtbarkeitsmassage<\/li>\n\n\n\n<li>Akupressur &amp; energetische Entspannung<\/li>\n\n\n\n<li>Visualisierung &amp; Meditation<\/li>\n\n\n\n<li>Kinesiologische Balancen<\/li>\n\n\n\n<li>Achtsamer Umgang mit Stress<\/li>\n\n\n\n<li>Ern\u00e4hrung, Pflanzenheilkunde, Ausleitungsimpulse<\/li>\n\n\n\n<li>Bachbl\u00fcten, Sch\u00fc\u00dfler-Salze, Hom\u00f6opathie<\/li>\n<\/ul>\n\n\n\n<p>Ich bin als Therapeutin bei der HormonSelbsthilfe gelistet.<br>Diese Methoden ersetzen keine medizinische oder gyn\u00e4kologische Behandlung, k\u00f6nnen aber sanft erg\u00e4nzend wirken \u2013 je nach Situation und Wunsch.<\/p>\n\n\n\n<p>Ich begegne dir mit Einf\u00fchlungsverm\u00f6gen, Offenheit und Respekt vor deinem ganz eigenen Weg.<\/p>\n\n\n\n<p><strong>Manchmal beginnt etwas Neues in dem Moment, in dem du ganz bei dir selbst ankommst.<\/strong><\/p>\n\n\n\n<p><\/p>\n\n\n\n<div class=\"wp-block-buttons has-custom-font-size has-small-font-size is-horizontal is-content-justification-left is-layout-flex wp-container-core-buttons-is-layout-c39e78a4 wp-block-buttons-is-layout-flex\">\n<div class=\"wp-block-button is-style-outline is-style-outline--1\"><a class=\"wp-block-button__link has-white-background-color has-text-color has-background has-link-color has-small-font-size has-custom-font-size wp-element-button\" href=\"https:\/\/www.sabinefriess.de\/wordpress\/hormonberatung\/\" style=\"border-radius:100px;color:#e95a07\"><strong>Hormonberatung<\/strong><\/a><\/div>\n\n\n\n<div class=\"wp-block-button is-style-outline is-style-outline--2\"><a class=\"wp-block-button__link has-text-color has-link-color wp-element-button\" href=\"https:\/\/www.sabinefriess.de\/wordpress\/kinderwunsch-therapie-in-hamburg-und-darmstadt-als-einzel-oder-paartherapie\/\" style=\"border-radius:100px;color:#e95a07\"><strong>Kinderwunsch<\/strong><\/a><\/div>\n\n\n\n<div class=\"wp-block-button is-style-outline is-style-outline--3\"><a class=\"wp-block-button__link has-text-color has-link-color wp-element-button\" href=\"https:\/\/www.sabinefriess.de\/wordpress\/akupunktur-nach-nogier\/\" style=\"border-radius:100px;color:#e95a07\"><strong>Akkupunktur<\/strong><\/a><\/div>\n\n\n\n<div class=\"wp-block-button is-style-outline is-style-outline--4\"><a class=\"wp-block-button__link has-text-color has-link-color wp-element-button\" href=\"https:\/\/www.sabinefriess.de\/wordpress\/homoeopathie-vom-heilpraktiker-in-hamburg-und-darmstadt\/\" style=\"border-radius:100px;color:#e95a07\"><strong>Hom\u00f6opathie<\/strong><\/a><\/div>\n\n\n\n<div class=\"wp-block-button is-style-outline is-style-outline--5\"><a class=\"wp-block-button__link has-text-color has-link-color wp-element-button\" href=\"https:\/\/www.sabinefriess.de\/wordpress\/energiemedizin\/\" style=\"border-radius:100px;color:#e95a07\"><strong>Energiemedizin<\/strong><\/a><\/div>\n\n\n\n<div class=\"wp-block-button is-style-outline is-style-outline--6\"><a class=\"wp-block-button__link has-text-color has-link-color wp-element-button\" href=\"https:\/\/www.sabinefriess.de\/wordpress\/fengshui\/\" style=\"border-radius:100px;color:#e95a07\"><strong>Feng Shui<\/strong><\/a><\/div>\n\n\n\n<div class=\"wp-block-button is-style-outline is-style-outline--7\"><a class=\"wp-block-button__link has-text-color has-link-color has-small-font-size has-custom-font-size wp-element-button\" href=\"https:\/\/www.sabinefriess.de\/wordpress\/lust-auf-farbe\/\" style=\"border-radius:100px;color:#e95a07\">Farbberatung<\/a><\/div>\n\n\n\n<div class=\"wp-block-button is-style-outline is-style-outline--8\"><a class=\"wp-block-button__link has-white-color has-text-color has-background has-link-color has-small-font-size has-custom-font-size wp-element-button\" href=\"https:\/\/www.sabinefriess.de\/wordpress\/2024\/04\/19\/veranstaltungen\/\" style=\"border-radius:100px;background-color:#e95a07\"><strong>Veranstaltungen<\/strong><\/a><\/div>\n<\/div>\n\n\n\n<p><\/p>\n\n\n\n<div class=\"wp-block-group alignfull has-background is-vertical is-content-justification-stretch is-layout-flex wp-container-core-group-is-layout-4995e7ae wp-block-group-is-layout-flex\" style=\"background-color:#e95a07;padding-top:var(--wp--preset--spacing--50);padding-right:var(--wp--preset--spacing--40);padding-bottom:var(--wp--preset--spacing--50);padding-left:var(--wp--preset--spacing--40)\">\n<div class=\"wp-block-group has-background is-content-justification-center is-nowrap is-layout-flex wp-container-core-group-is-layout-94bc23d7 wp-block-group-is-layout-flex\" style=\"background-color:#e85907e3\">\n<div class=\"wp-block-columns wp-container-content-9cfa9a5a is-layout-flex wp-container-core-columns-is-layout-9d6595d7 wp-block-columns-is-layout-flex\">\n<div class=\"wp-block-column is-vertically-aligned-stretch is-layout-flow wp-block-column-is-layout-flow\">\n<div class=\"wp-block-group\"><div class=\"wp-block-group__inner-container is-layout-constrained wp-block-group-is-layout-constrained\">\n<p class=\"has-text-align-center has-white-color has-text-color has-link-color has-large-font-size wp-elements-7ed14d613eb5ffbb4b27cfa0e5af6be1\">Soul2Harmony <\/p>\n\n\n\n<p class=\"has-text-align-center has-white-color has-text-color has-link-color has-medium-font-size wp-elements-1296e99d91b92ff3c98fc6a7613cc084\" style=\"font-style:normal;font-weight:500\">Sabine Lilith Kroll \u2013 Heilpraktikerin &amp; Coach<\/p>\n\n\n\n<p class=\"has-text-align-center has-white-color has-text-color has-link-color wp-elements-6bd0f12d8a801ae538c29fc8d9f7ed4d\">Herz\u00f6ffnungszentrum, Heestweg 16 A | 22143 Hamburg<\/p>\n\n\n\n<p class=\"has-text-align-center has-white-color has-text-color has-link-color wp-elements-e4edfad9e633dddccf30118232602b32\">Am L\u00f6wentor 15 | 64287 Darmstadt<\/p>\n\n\n\n<p class=\"has-text-align-center has-white-color has-text-color has-link-color wp-elements-b22f09389c9dd68c9a5714bf1400a945\">Tel. 0171 &#8211; 875 62 95 | <a href=\"mailto:info@soul2harmony.de\">info@soul2harmony.de<\/a><\/p>\n<\/div><\/div>\n<\/div>\n<\/div>\n<\/div>\n<\/div>\n","protected":false},"excerpt":{"rendered":"<p>Ein Kind zu empfangen ist mehr als ein k\u00f6rperlicher Prozess \u2013 es ist oft ein tief empfundener Wunsch, der von Herzen kommt. In meiner Praxis biete ich dir \u2013 oder euch als Paar \u2013 einen gesch\u00fctzten Raum f\u00fcr achtsame Begleitung in dieser besonderen Lebensphase. Ob du dich auf eine nat\u00fcrliche Empf\u00e4ngnis vorbereitest oder eine reproduktionsmedizinische [&hellip;]<\/p>\n","protected":false},"author":1,"featured_media":0,"parent":0,"menu_order":0,"comment_status":"closed","ping_status":"closed","template":"","meta":{"slim_seo":{"title":"Kinderwunsch \u2013 Raum geben, Vertrauen st\u00e4rken - Soul2Harmony","description":"Ein Kind zu empfangen ist mehr als ein k\u00f6rperlicher Prozess \u2013 es ist oft ein tief empfundener Wunsch, der von Herzen kommt. In meiner Praxis biete ich dir \u2013 ode"},"footnotes":""},"class_list":["post-267","page","type-page","status-publish","hentry"],"_links":{"self":[{"href":"https:\/\/www.sabinefriess.de\/wordpress\/wp-json\/wp\/v2\/pages\/267","targetHints":{"allow":["GET"]}}],"collection":[{"href":"https:\/\/www.sabinefriess.de\/wordpress\/wp-json\/wp\/v2\/pages"}],"about":[{"href":"https:\/\/www.sabinefriess.de\/wordpress\/wp-json\/wp\/v2\/types\/page"}],"author":[{"embeddable":true,"href":"https:\/\/www.sabinefriess.de\/wordpress\/wp-json\/wp\/v2\/users\/1"}],"replies":[{"embeddable":true,"href":"https:\/\/www.sabinefriess.de\/wordpress\/wp-json\/wp\/v2\/comments?post=267"}],"version-history":[{"count":12,"href":"https:\/\/www.sabinefriess.de\/wordpress\/wp-json\/wp\/v2\/pages\/267\/revisions"}],"predecessor-version":[{"id":747,"href":"https:\/\/www.sabinefriess.de\/wordpress\/wp-json\/wp\/v2\/pages\/267\/revisions\/747"}],"wp:attachment":[{"href":"https:\/\/www.sabinefriess.de\/wordpress\/wp-json\/wp\/v2\/media?parent=267"}],"curies":[{"name":"wp","href":"https:\/\/api.w.org\/{rel}","templated":true}]}}