{"id":280,"date":"2024-04-19T19:51:09","date_gmt":"2024-04-19T17:51:09","guid":{"rendered":"https:\/\/www.sabinefriess.de\/wordpress\/?page_id=280"},"modified":"2025-08-18T14:17:40","modified_gmt":"2025-08-18T12:17:40","slug":"schuessler-salze","status":"publish","type":"page","link":"https:\/\/www.sabinefriess.de\/wordpress\/schuessler-salze\/","title":{"rendered":"Sch\u00fc\u00dfler-Salze \u2013 Impulse f\u00fcr den Zellstoffwechsel"},"content":{"rendered":"\n<ul class=\"wp-block-list\">\n<li><a href=\"https:\/\/www.sabinefriess.de\/wordpress\/bachblueten-therapie\/\">Bachbl\u00fcten<\/a><\/li>\n\n\n\n<li><a href=\"https:\/\/www.sabinefriess.de\/wordpress\/homoeopathie-vom-heilpraktiker-in-hamburg-und-darmstadt\/\" data-type=\"page\" data-id=\"288\">Hom\u00f6opathie<\/a><\/li>\n<\/ul>\n\n\n<div class=\"wp-block-image\">\n<figure class=\"aligncenter size-full\"><img loading=\"lazy\" decoding=\"async\" width=\"250\" height=\"203\" src=\"https:\/\/www.sabinefriess.de\/wordpress\/wp-content\/uploads\/2024\/04\/schuessler.jpg\" alt=\"Schuessler\" class=\"wp-image-281\"\/><\/figure>\n<\/div>\n\n\n<p>Sch\u00fc\u00dfler-Salze sind Mineralstoffverbindungen in potenzierter Form, die auf sanfte Weise unterst\u00fctzen k\u00f6nnen.<br>Sie werden oft begleitend eingesetzt \u2013 etwa bei Hautthemen, Verspannungen oder zur allgemeinen St\u00e4rkung.<br>Die Anwendung erfolgt individuell \u2013 als Tabletten, Lotionen oder Kuren.<\/p>\n\n\n\n<h3 class=\"wp-block-heading\">Erkrankungen, bei denen Sch\u00fc\u00dfler-Salze n\u00fctzlich sein k\u00f6nnen, sind z.B.:<\/h3>\n\n\n\n<ul class=\"wp-block-list\">\n<li>Ersch\u00f6pfung, Kr\u00e4fteverfall und Rekonvaleszenz \u2013 Aufbau und Kr\u00e4ftigung des K\u00f6rpers<\/li>\n\n\n\n<li>Bindegewebsschw\u00e4che<\/li>\n\n\n\n<li>akute und chronische Entz\u00fcndungen \u2013 Abszesse, Furunkel etc.<\/li>\n\n\n\n<li>Gelenkbeschwerden<\/li>\n\n\n\n<li>Neuralgien\/Nervenschmerzen<\/li>\n\n\n\n<li>Rheumatische Beschwerden<\/li>\n\n\n\n<li>H\u00e4morrhoiden<\/li>\n\n\n\n<li>Blutarmut<\/li>\n\n\n\n<li>Knochen- und Zahnerkrankungen<\/li>\n\n\n\n<li>Kr\u00e4mpfe und Koliken<\/li>\n\n\n\n<li>Kopfschmerzen, Migr\u00e4ne<\/li>\n\n\n\n<li>Ver\u00e4nderungen von Haut, Haaren und N\u00e4geln<\/li>\n\n\n\n<li>St\u00f6rungen S\u00e4ure-Basenhaushalt<\/li>\n\n\n\n<li>Schmerzen \u2013 Ischias etc.<\/li>\n\n\n\n<li>Stoffwechselst\u00f6rungen wie Gicht, Fettleibigkeit, Leberleiden<\/li>\n<\/ul>\n\n\n\n<p><\/p>\n\n\n\n<div class=\"wp-block-group alignfull has-background is-vertical is-content-justification-stretch is-layout-flex wp-container-core-group-is-layout-4995e7ae wp-block-group-is-layout-flex\" style=\"background-color:#00000008;padding-top:var(--wp--preset--spacing--50);padding-right:var(--wp--preset--spacing--40);padding-bottom:var(--wp--preset--spacing--50);padding-left:var(--wp--preset--spacing--40)\">\n<div class=\"wp-block-group has-background is-content-justification-center is-nowrap is-layout-flex wp-container-core-group-is-layout-94bc23d7 wp-block-group-is-layout-flex\" style=\"background-color:#e85907e3\">\n<div class=\"wp-block-columns wp-container-content-9cfa9a5a is-layout-flex wp-container-core-columns-is-layout-9d6595d7 wp-block-columns-is-layout-flex\">\n<div class=\"wp-block-column is-vertically-aligned-stretch is-layout-flow wp-block-column-is-layout-flow\">\n<div class=\"wp-block-group\"><div class=\"wp-block-group__inner-container is-layout-constrained wp-block-group-is-layout-constrained\">\n<p class=\"has-text-align-center has-white-color has-text-color has-link-color has-large-font-size wp-elements-7ed14d613eb5ffbb4b27cfa0e5af6be1\">Soul2Harmony <\/p>\n\n\n\n<p class=\"has-text-align-center has-white-color has-text-color has-link-color has-medium-font-size wp-elements-1296e99d91b92ff3c98fc6a7613cc084\" style=\"font-style:normal;font-weight:500\">Sabine Lilith Kroll \u2013 Heilpraktikerin &amp; Coach<\/p>\n\n\n\n<p class=\"has-text-align-center has-white-color has-text-color has-link-color wp-elements-6bd0f12d8a801ae538c29fc8d9f7ed4d\">Herz\u00f6ffnungszentrum, Heestweg 16 A | 22143 Hamburg<\/p>\n\n\n\n<p class=\"has-text-align-center has-white-color has-text-color has-link-color wp-elements-e4edfad9e633dddccf30118232602b32\">Am L\u00f6wentor 15 | 64287 Darmstadt<\/p>\n\n\n\n<p class=\"has-text-align-center has-white-color has-text-color has-link-color wp-elements-b22f09389c9dd68c9a5714bf1400a945\">Tel. 0171 &#8211; 875 62 95 | <a href=\"mailto:info@soul2harmony.de\">info@soul2harmony.de<\/a><\/p>\n<\/div><\/div>\n<\/div>\n<\/div>\n<\/div>\n<\/div>\n","protected":false},"excerpt":{"rendered":"<p>Sch\u00fc\u00dfler-Salze sind Mineralstoffverbindungen in potenzierter Form, die auf sanfte Weise unterst\u00fctzen k\u00f6nnen.Sie werden oft begleitend eingesetzt \u2013 etwa bei Hautthemen, Verspannungen oder zur allgemeinen St\u00e4rkung.Die Anwendung erfolgt individuell \u2013 als Tabletten, Lotionen oder Kuren. Erkrankungen, bei denen Sch\u00fc\u00dfler-Salze n\u00fctzlich sein k\u00f6nnen, sind z.B.: Soul2Harmony Sabine Lilith Kroll \u2013 Heilpraktikerin &amp; Coach Herz\u00f6ffnungszentrum, Heestweg 16 A [&hellip;]<\/p>\n","protected":false},"author":1,"featured_media":0,"parent":0,"menu_order":0,"comment_status":"closed","ping_status":"closed","template":"","meta":{"slim_seo":{"title":"Sch\u00fc\u00dfler-Salze \u2013 Impulse f\u00fcr den Zellstoffwechsel - Soul2Harmony","description":"Sch\u00fc\u00dfler-Salze sind Mineralstoffverbindungen in potenzierter Form, die auf sanfte Weise unterst\u00fctzen k\u00f6nnen. Sie werden oft begleitend eingesetzt \u2013 etwa bei Hau"},"footnotes":""},"class_list":["post-280","page","type-page","status-publish","hentry"],"_links":{"self":[{"href":"https:\/\/www.sabinefriess.de\/wordpress\/wp-json\/wp\/v2\/pages\/280","targetHints":{"allow":["GET"]}}],"collection":[{"href":"https:\/\/www.sabinefriess.de\/wordpress\/wp-json\/wp\/v2\/pages"}],"about":[{"href":"https:\/\/www.sabinefriess.de\/wordpress\/wp-json\/wp\/v2\/types\/page"}],"author":[{"embeddable":true,"href":"https:\/\/www.sabinefriess.de\/wordpress\/wp-json\/wp\/v2\/users\/1"}],"replies":[{"embeddable":true,"href":"https:\/\/www.sabinefriess.de\/wordpress\/wp-json\/wp\/v2\/comments?post=280"}],"version-history":[{"count":7,"href":"https:\/\/www.sabinefriess.de\/wordpress\/wp-json\/wp\/v2\/pages\/280\/revisions"}],"predecessor-version":[{"id":751,"href":"https:\/\/www.sabinefriess.de\/wordpress\/wp-json\/wp\/v2\/pages\/280\/revisions\/751"}],"wp:attachment":[{"href":"https:\/\/www.sabinefriess.de\/wordpress\/wp-json\/wp\/v2\/media?parent=280"}],"curies":[{"name":"wp","href":"https:\/\/api.w.org\/{rel}","templated":true}]}}