{"id":288,"date":"2024-04-19T19:57:01","date_gmt":"2024-04-19T17:57:01","guid":{"rendered":"https:\/\/www.sabinefriess.de\/wordpress\/?page_id=288"},"modified":"2025-08-18T14:55:04","modified_gmt":"2025-08-18T12:55:04","slug":"homoeopathie-vom-heilpraktiker-in-hamburg-und-darmstadt","status":"publish","type":"page","link":"https:\/\/www.sabinefriess.de\/wordpress\/homoeopathie-vom-heilpraktiker-in-hamburg-und-darmstadt\/","title":{"rendered":"Naturheilkunde"},"content":{"rendered":"\n<ul class=\"wp-block-list\">\n<li>Hom\u00f6opathie<\/li>\n\n\n\n<li><a href=\"https:\/\/www.sabinefriess.de\/wordpress\/bachblueten-therapie\/\" data-type=\"link\" data-id=\"https:\/\/www.sabinefriess.de\/wordpress\/bachblueten-therapie\/\">Bachbl\u00fcten<\/a><\/li>\n\n\n\n<li><a href=\"https:\/\/www.sabinefriess.de\/wordpress\/schuessler-salze\/\" data-type=\"page\" data-id=\"280\">Sch\u00fcssler-Salze<\/a><\/li>\n\n\n\n<li>Phytotherapie<\/li>\n<\/ul>\n\n\n\n<h2 class=\"wp-block-heading\"><strong>Hom\u00f6opathie \u2013 individuelle Reize zur Selbstregulation<\/strong><\/h2>\n\n\n<div class=\"wp-block-image is-style-rounded\">\n<figure class=\"aligncenter size-full\"><img loading=\"lazy\" decoding=\"async\" width=\"300\" height=\"221\" src=\"https:\/\/www.sabinefriess.de\/wordpress\/wp-content\/uploads\/2024\/04\/homoeopathie.jpg\" alt=\"Homoeopathie\" class=\"wp-image-289\"\/><\/figure>\n<\/div>\n\n\n<p><strong>Hom\u00f6opathie basiert darauf, dass \u201e\u00c4hnliches mit \u00c4hnlichem geheilt wird\u201c (Samuel Hahnemann)<\/strong><br>In der klassischen Hom\u00f6opathie werden die Symptome eines Menschen behandelt, nicht die Krankheit. Der Patient in seiner Gesamtheit ist wichtig: Bei der hom\u00f6opathischen Behandlung werden au\u00dfer den Symptomen auch die Lebensumst\u00e4nde des Patienten betrachtet, seine psychische Verfassung, seine W\u00fcnsche und Tr\u00e4ume.<\/p>\n\n\n\n<p>Nach einer ausf\u00fchrlichen Anamnese w\u00e4hle ich ein individuell passendes Mittel aus.<br>Die Hom\u00f6opathie kann begleitend wirken \u2013 etwa in Umbruchphasen, bei hormonellen Themen oder als Unterst\u00fctzung der inneren Balance.<\/p>\n\n\n\n<p>Mit der Hom\u00f6opathie wird ein Reiz im Organismus gesetzt, der die Selbstheilungskr\u00e4fte anregt. Diese Arzneitherapie wird auch gerne bei Neugeborenen und Kindern angewandt, die sehr gut darauf ansprechen, ebenso wie Tiere und Pflanzen. Was wiederum f\u00fcr die Wirksamkeit der \u201ekleinen K\u00fcgelchen\u201c spricht.<br>Ein breites Spektrum an Krankheiten und Beschwerden kann damit behandelt werden, z.B.:<\/p>\n\n\n\n<ul class=\"wp-block-list\">\n<li>Infektanf\u00e4lligkeit und akute Infekte<\/li>\n\n\n\n<li>allergische Erkrankungen (Heuschnupfen, Asthma, Neurodermitis u.a.)<\/li>\n\n\n\n<li>Migr\u00e4ne<\/li>\n\n\n\n<li>chronische Schmerzzust\u00e4nde<\/li>\n\n\n\n<li>Arthrose, Arthritis, Rheuma<\/li>\n\n\n\n<li>Menstruationsbeschwerden<\/li>\n\n\n\n<li>unerf\u00fcllter Kinderwunsch<\/li>\n\n\n\n<li>Wechseljahresbeschwerden<\/li>\n\n\n\n<li>psychosomatische Beschwerden<\/li>\n\n\n\n<li>Ern\u00e4hrungs- und Stoffwechselerkrankungen<\/li>\n<\/ul>\n\n\n\n<p>Ich arbeite mit Tief- und Hochpotenzen, mit akuten und chronischen Beschwerden. Auf Wunsch erg\u00e4nze ich diese Behandlung gerne mit weiteren Therapien. Wenn du bereit bist den Beschwerden auf den Grund zu gehen, deren Ursache zu finden und zu l\u00f6sen, k\u00f6nnen wir diese gemeinsam Schicht f\u00fcr Schicht bearbeiten.<\/p>\n\n\n\n<div class=\"wp-block-buttons is-horizontal is-content-justification-left is-layout-flex wp-container-core-buttons-is-layout-c39e78a4 wp-block-buttons-is-layout-flex\">\n<div class=\"wp-block-button is-style-outline is-style-outline--1\"><a class=\"wp-block-button__link has-white-background-color has-text-color has-background has-link-color has-small-font-size has-custom-font-size wp-element-button\" href=\"https:\/\/www.sabinefriess.de\/wordpress\/hormonberatung\/\" style=\"border-radius:100px;color:#e95a07\"><strong>Hormonberatung<\/strong><\/a><\/div>\n\n\n\n<div class=\"wp-block-button is-style-outline is-style-outline--2\"><a class=\"wp-block-button__link has-text-color has-link-color has-small-font-size has-custom-font-size wp-element-button\" href=\"https:\/\/www.sabinefriess.de\/wordpress\/kinderwunsch-therapie-in-hamburg-und-darmstadt-als-einzel-oder-paartherapie\/\" style=\"border-radius:100px;color:#e95a07\"><strong>Kinderwunsch<\/strong><\/a><\/div>\n\n\n\n<div class=\"wp-block-button is-style-outline is-style-outline--3\"><a class=\"wp-block-button__link has-text-color has-link-color has-small-font-size has-custom-font-size wp-element-button\" href=\"https:\/\/www.sabinefriess.de\/wordpress\/akupunktur-nach-nogier\/\" style=\"border-radius:100px;color:#e95a07\"><strong>Akkupunktur<\/strong><\/a><\/div>\n\n\n\n<div class=\"wp-block-button is-style-outline is-style-outline--4\"><a class=\"wp-block-button__link has-text-color has-link-color has-small-font-size has-custom-font-size wp-element-button\" href=\"https:\/\/www.sabinefriess.de\/wordpress\/homoeopathie-vom-heilpraktiker-in-hamburg-und-darmstadt\/\" style=\"border-radius:100px;color:#e95a07\"><strong>Hom\u00f6opathie<\/strong><\/a><\/div>\n\n\n\n<div class=\"wp-block-button is-style-outline is-style-outline--5\"><a class=\"wp-block-button__link has-text-color has-link-color has-small-font-size has-custom-font-size wp-element-button\" href=\"https:\/\/www.sabinefriess.de\/wordpress\/energiemedizin\/\" style=\"border-radius:100px;color:#e95a07\"><strong>Energiemedizin<\/strong><\/a><\/div>\n\n\n\n<div class=\"wp-block-button is-style-outline is-style-outline--6\"><a class=\"wp-block-button__link has-text-color has-link-color has-small-font-size has-custom-font-size wp-element-button\" href=\"https:\/\/www.sabinefriess.de\/wordpress\/fengshui\/\" style=\"border-radius:100px;color:#e95a07\"><strong>Feng Shui<\/strong><\/a><\/div>\n\n\n\n<div class=\"wp-block-button is-style-outline is-style-outline--7\"><a class=\"wp-block-button__link has-text-color has-link-color has-small-font-size has-custom-font-size wp-element-button\" href=\"https:\/\/www.sabinefriess.de\/wordpress\/lust-auf-farbe\/\" style=\"border-radius:100px;color:#e95a07\">Farbberatung<\/a><\/div>\n\n\n\n<div class=\"wp-block-button is-style-outline is-style-outline--8\"><a class=\"wp-block-button__link has-white-color has-text-color has-background has-link-color has-small-font-size has-custom-font-size wp-element-button\" href=\"https:\/\/www.sabinefriess.de\/wordpress\/2024\/04\/19\/veranstaltungen\/\" style=\"border-radius:100px;background-color:#e95a07\"><strong>Veranstaltungen<\/strong><\/a><\/div>\n<\/div>\n\n\n\n<p><\/p>\n\n\n\n<div class=\"wp-block-group alignfull has-background is-vertical is-content-justification-stretch is-layout-flex wp-container-core-group-is-layout-4995e7ae wp-block-group-is-layout-flex\" style=\"background-color:#00000008;padding-top:var(--wp--preset--spacing--50);padding-right:var(--wp--preset--spacing--40);padding-bottom:var(--wp--preset--spacing--50);padding-left:var(--wp--preset--spacing--40)\">\n<div class=\"wp-block-group has-background is-content-justification-center is-nowrap is-layout-flex wp-container-core-group-is-layout-94bc23d7 wp-block-group-is-layout-flex\" style=\"background-color:#e85907e3\">\n<div class=\"wp-block-columns wp-container-content-9cfa9a5a is-layout-flex wp-container-core-columns-is-layout-9d6595d7 wp-block-columns-is-layout-flex\">\n<div class=\"wp-block-column is-vertically-aligned-stretch is-layout-flow wp-block-column-is-layout-flow\">\n<div class=\"wp-block-group\"><div class=\"wp-block-group__inner-container is-layout-constrained wp-block-group-is-layout-constrained\">\n<p class=\"has-text-align-center has-white-color has-text-color has-link-color has-large-font-size wp-elements-7ed14d613eb5ffbb4b27cfa0e5af6be1\">Soul2Harmony <\/p>\n\n\n\n<p class=\"has-text-align-center has-white-color has-text-color has-link-color has-medium-font-size wp-elements-1296e99d91b92ff3c98fc6a7613cc084\" style=\"font-style:normal;font-weight:500\">Sabine Lilith Kroll \u2013 Heilpraktikerin &amp; Coach<\/p>\n\n\n\n<p class=\"has-text-align-center has-white-color has-text-color has-link-color wp-elements-6bd0f12d8a801ae538c29fc8d9f7ed4d\">Herz\u00f6ffnungszentrum, Heestweg 16 A | 22143 Hamburg<\/p>\n\n\n\n<p class=\"has-text-align-center has-white-color has-text-color has-link-color wp-elements-e4edfad9e633dddccf30118232602b32\">Am L\u00f6wentor 15 | 64287 Darmstadt<\/p>\n\n\n\n<p class=\"has-text-align-center has-white-color has-text-color has-link-color wp-elements-b22f09389c9dd68c9a5714bf1400a945\">Tel. 0171 &#8211; 875 62 95 | <a href=\"mailto:info@soul2harmony.de\">info@soul2harmony.de<\/a><\/p>\n<\/div><\/div>\n<\/div>\n<\/div>\n<\/div>\n<\/div>\n","protected":false},"excerpt":{"rendered":"<p>Hom\u00f6opathie \u2013 individuelle Reize zur Selbstregulation Hom\u00f6opathie basiert darauf, dass \u201e\u00c4hnliches mit \u00c4hnlichem geheilt wird\u201c (Samuel Hahnemann)In der klassischen Hom\u00f6opathie werden die Symptome eines Menschen behandelt, nicht die Krankheit. Der Patient in seiner Gesamtheit ist wichtig: Bei der hom\u00f6opathischen Behandlung werden au\u00dfer den Symptomen auch die Lebensumst\u00e4nde des Patienten betrachtet, seine psychische Verfassung, seine W\u00fcnsche [&hellip;]<\/p>\n","protected":false},"author":1,"featured_media":0,"parent":0,"menu_order":0,"comment_status":"closed","ping_status":"closed","template":"","meta":{"slim_seo":{"title":"Naturheilkunde - Soul2Harmony","description":"Hom\u00f6opathie \u2013 individuelle Reize zur Selbstregulation Hom\u00f6opathie basiert darauf, dass \u201e\u00c4hnliches mit \u00c4hnlichem geheilt wird\u201c (Samuel Hahnemann) In der klassisc"},"footnotes":""},"class_list":["post-288","page","type-page","status-publish","hentry"],"_links":{"self":[{"href":"https:\/\/www.sabinefriess.de\/wordpress\/wp-json\/wp\/v2\/pages\/288","targetHints":{"allow":["GET"]}}],"collection":[{"href":"https:\/\/www.sabinefriess.de\/wordpress\/wp-json\/wp\/v2\/pages"}],"about":[{"href":"https:\/\/www.sabinefriess.de\/wordpress\/wp-json\/wp\/v2\/types\/page"}],"author":[{"embeddable":true,"href":"https:\/\/www.sabinefriess.de\/wordpress\/wp-json\/wp\/v2\/users\/1"}],"replies":[{"embeddable":true,"href":"https:\/\/www.sabinefriess.de\/wordpress\/wp-json\/wp\/v2\/comments?post=288"}],"version-history":[{"count":14,"href":"https:\/\/www.sabinefriess.de\/wordpress\/wp-json\/wp\/v2\/pages\/288\/revisions"}],"predecessor-version":[{"id":761,"href":"https:\/\/www.sabinefriess.de\/wordpress\/wp-json\/wp\/v2\/pages\/288\/revisions\/761"}],"wp:attachment":[{"href":"https:\/\/www.sabinefriess.de\/wordpress\/wp-json\/wp\/v2\/media?parent=288"}],"curies":[{"name":"wp","href":"https:\/\/api.w.org\/{rel}","templated":true}]}}