{"id":292,"date":"2024-04-19T20:04:51","date_gmt":"2024-04-19T18:04:51","guid":{"rendered":"https:\/\/www.sabinefriess.de\/wordpress\/?page_id=292"},"modified":"2025-08-29T12:09:55","modified_gmt":"2025-08-29T10:09:55","slug":"bachblueten-therapie","status":"publish","type":"page","link":"https:\/\/www.sabinefriess.de\/wordpress\/bachblueten-therapie\/","title":{"rendered":"Bachbl\u00fcten-Therapie"},"content":{"rendered":"\n<ul class=\"wp-block-list\">\n<li><a href=\"https:\/\/www.sabinefriess.de\/wordpress\/schuessler-salze\/\" data-type=\"page\" data-id=\"280\">Sch\u00fcssler-Salze<\/a><\/li>\n\n\n\n<li><a href=\"https:\/\/www.sabinefriess.de\/wordpress\/homoeopathie-vom-heilpraktiker-in-hamburg-und-darmstadt\/\" data-type=\"page\" data-id=\"288\">Hom\u00f6opathie<\/a><\/li>\n\n\n\n<li><a href=\"http:\/\/sabinefriess.de\/wordpress\/phytotherapie\/\" title=\"\">Phytotherapie<\/a><\/li>\n<\/ul>\n\n\n\n<h2 class=\"wp-block-heading\"><strong>Bachbl\u00fcten \u2013 Seelische Begleiter aus der Natur<\/strong><\/h2>\n\n\n<div class=\"wp-block-image is-style-rounded\">\n<figure class=\"aligncenter size-full\"><img loading=\"lazy\" decoding=\"async\" width=\"300\" height=\"201\" src=\"https:\/\/www.sabinefriess.de\/wordpress\/wp-content\/uploads\/2024\/04\/bachblueten2.jpg\" alt=\"Bachblueten2\" class=\"wp-image-286\"\/><\/figure>\n<\/div>\n\n\n<p>Die Bachbl\u00fcten-Therapie wird meist eingesetzt, um psychische Disharmonien und die psychischen Ursachen von Krankheiten zu behandeln. Dem liegt die Annahme zu Grunde, dass jede Krankheit eine seelische bzw. psychische Ursache hat.<\/p>\n\n\n\n<p>Die Bl\u00fctenessenzen nach Dr. Bach gelten als hilfreiche Impulsgeber auf feinstofflicher Ebene.<br>In einem pers\u00f6nlichen Gespr\u00e4ch w\u00e4hle ich individuell passende Bl\u00fcten f\u00fcr deine aktuelle Lebenssituation aus.<br>Sie k\u00f6nnen dich begleiten in Zeiten innerer Unruhe, emotionaler Herausforderungen oder bei Themen wie \u00c4ngsten, Ersch\u00f6pfung oder famili\u00e4ren Belastungen.<\/p>\n\n\n\n<p>Heilpraktiker und Patienten berichten aber \u00fcbereinstimmend von guten Erfahrungen mit der Therapie.<\/p>\n\n\n\n<h3 class=\"wp-block-heading\">Anwendungsbeispiele\/Indikationen<\/h3>\n\n\n\n<ul class=\"wp-block-list\">\n<li>Behandlung akuter seelischer Zust\u00e4nde und Traumata&nbsp; \u2013 Arbeitsplatzverlust, Tod des Partners etc.<\/li>\n\n\n\n<li>Behandlung blockierender Verhaltensmuster \u2013 \u00c4ngste, Sch\u00fcchternheit, Panik \u2026<\/li>\n\n\n\n<li>Behandlung funktioneller Beschwerden \u2013 Schlafst\u00f6rungen, Ersch\u00f6pfungszust\u00e4nde \u2026<\/li>\n\n\n\n<li>Behandlung k\u00f6rperlicher Beschwerden mit psychischer Beteiligung \u2013 Neurodermitis, Morbus Crohn\u2026<\/li>\n\n\n\n<li>Unterst\u00fctzung bei der Bew\u00e4ltigung von Krisensituationen \u2013 Partnerschaftskonflikte, Erziehungsprobleme\u2026<\/li>\n\n\n\n<li>Unterst\u00fctzung bei der Entwicklung positiver, lebensbejahender Seelenzust\u00e4nde \u2013 Gro\u00dfz\u00fcgigkeit, Gelassenheit etc.<\/li>\n<\/ul>\n\n\n\n<p>In meiner Praxis wende ich sehr gerne Bachbl\u00fcten an, da sie trotz ihrer sanften Wirkweise erstaunliche Ergebnisse erzielen. Ich w\u00e4hle individuell und sorgf\u00e4ltig die f\u00fcr meine Patienten in ihrer derzeitigen Situation passenden Bl\u00fcten aus. Durch die Bachbl\u00fcten-Therapie wird nicht pl\u00f6tzlich ein Schalter umgelegt, sondern der Patient wird ganz behutsam von Blockaden erl\u00f6st, Beschwerden befreit, kommt nach und nach besser in seinem Leben zurecht, kann Dinge leichter annehmen, besser mit ihnen umgehen.<\/p>\n\n\n\n<p><\/p>\n\n\n\n<div class=\"wp-block-group alignfull has-background is-vertical is-content-justification-stretch is-layout-flex wp-container-core-group-is-layout-4995e7ae wp-block-group-is-layout-flex\" style=\"background-color:#00000008;padding-top:var(--wp--preset--spacing--50);padding-right:var(--wp--preset--spacing--40);padding-bottom:var(--wp--preset--spacing--50);padding-left:var(--wp--preset--spacing--40)\">\n<div class=\"wp-block-group has-background is-content-justification-center is-nowrap is-layout-flex wp-container-core-group-is-layout-94bc23d7 wp-block-group-is-layout-flex\" style=\"background-color:#e85907e3\">\n<div class=\"wp-block-columns wp-container-content-9cfa9a5a is-layout-flex wp-container-core-columns-is-layout-9d6595d7 wp-block-columns-is-layout-flex\">\n<div class=\"wp-block-column is-vertically-aligned-stretch is-layout-flow wp-block-column-is-layout-flow\">\n<div class=\"wp-block-group\"><div class=\"wp-block-group__inner-container is-layout-constrained wp-block-group-is-layout-constrained\">\n<p class=\"has-text-align-center has-white-color has-text-color has-link-color has-large-font-size wp-elements-7ed14d613eb5ffbb4b27cfa0e5af6be1\">Soul2Harmony <\/p>\n\n\n\n<p class=\"has-text-align-center has-white-color has-text-color has-link-color has-medium-font-size wp-elements-1296e99d91b92ff3c98fc6a7613cc084\" style=\"font-style:normal;font-weight:500\">Sabine Lilith Kroll \u2013 Heilpraktikerin &amp; Coach<\/p>\n\n\n\n<p class=\"has-text-align-center has-white-color has-text-color has-link-color wp-elements-6bd0f12d8a801ae538c29fc8d9f7ed4d\">Herz\u00f6ffnungszentrum, Heestweg 16 A | 22143 Hamburg<\/p>\n\n\n\n<p class=\"has-text-align-center has-white-color has-text-color has-link-color wp-elements-e4edfad9e633dddccf30118232602b32\">Am L\u00f6wentor 15 | 64287 Darmstadt<\/p>\n\n\n\n<p class=\"has-text-align-center has-white-color has-text-color has-link-color wp-elements-b22f09389c9dd68c9a5714bf1400a945\">Tel. 0171 &#8211; 875 62 95 | <a href=\"mailto:info@soul2harmony.de\">info@soul2harmony.de<\/a><\/p>\n<\/div><\/div>\n<\/div>\n<\/div>\n<\/div>\n<\/div>\n","protected":false},"excerpt":{"rendered":"<p>Bachbl\u00fcten \u2013 Seelische Begleiter aus der Natur Die Bachbl\u00fcten-Therapie wird meist eingesetzt, um psychische Disharmonien und die psychischen Ursachen von Krankheiten zu behandeln. Dem liegt die Annahme zu Grunde, dass jede Krankheit eine seelische bzw. psychische Ursache hat. Die Bl\u00fctenessenzen nach Dr. Bach gelten als hilfreiche Impulsgeber auf feinstofflicher Ebene.In einem pers\u00f6nlichen Gespr\u00e4ch w\u00e4hle ich [&hellip;]<\/p>\n","protected":false},"author":1,"featured_media":0,"parent":0,"menu_order":0,"comment_status":"closed","ping_status":"closed","template":"","meta":{"slim_seo":{"title":"Bachbl\u00fcten-Therapie - Soul2Harmony","description":"Bachbl\u00fcten \u2013 Seelische Begleiter aus der Natur Die Bachbl\u00fcten-Therapie wird meist eingesetzt, um psychische Disharmonien und die psychischen Ursachen von Krankh"},"footnotes":""},"class_list":["post-292","page","type-page","status-publish","hentry"],"_links":{"self":[{"href":"https:\/\/www.sabinefriess.de\/wordpress\/wp-json\/wp\/v2\/pages\/292","targetHints":{"allow":["GET"]}}],"collection":[{"href":"https:\/\/www.sabinefriess.de\/wordpress\/wp-json\/wp\/v2\/pages"}],"about":[{"href":"https:\/\/www.sabinefriess.de\/wordpress\/wp-json\/wp\/v2\/types\/page"}],"author":[{"embeddable":true,"href":"https:\/\/www.sabinefriess.de\/wordpress\/wp-json\/wp\/v2\/users\/1"}],"replies":[{"embeddable":true,"href":"https:\/\/www.sabinefriess.de\/wordpress\/wp-json\/wp\/v2\/comments?post=292"}],"version-history":[{"count":9,"href":"https:\/\/www.sabinefriess.de\/wordpress\/wp-json\/wp\/v2\/pages\/292\/revisions"}],"predecessor-version":[{"id":799,"href":"https:\/\/www.sabinefriess.de\/wordpress\/wp-json\/wp\/v2\/pages\/292\/revisions\/799"}],"wp:attachment":[{"href":"https:\/\/www.sabinefriess.de\/wordpress\/wp-json\/wp\/v2\/media?parent=292"}],"curies":[{"name":"wp","href":"https:\/\/api.w.org\/{rel}","templated":true}]}}