{"id":300,"date":"2024-04-19T20:16:49","date_gmt":"2024-04-19T18:16:49","guid":{"rendered":"https:\/\/www.sabinefriess.de\/wordpress\/?page_id=300"},"modified":"2025-08-29T11:36:20","modified_gmt":"2025-08-29T09:36:20","slug":"energiemedizin","status":"publish","type":"page","link":"https:\/\/www.sabinefriess.de\/wordpress\/energiemedizin\/","title":{"rendered":"Energiemedizin &amp; Heilarbeit"},"content":{"rendered":"<div class=\"wp-block-image is-style-default\">\n<figure class=\"alignright size-full\"><img loading=\"lazy\" decoding=\"async\" width=\"250\" height=\"329\" src=\"https:\/\/www.sabinefriess.de\/wordpress\/wp-content\/uploads\/2024\/04\/heilspirale.png\" alt=\"Heilspirale\" class=\"wp-image-301\" srcset=\"https:\/\/www.sabinefriess.de\/wordpress\/wp-content\/uploads\/2024\/04\/heilspirale.png 250w, https:\/\/www.sabinefriess.de\/wordpress\/wp-content\/uploads\/2024\/04\/heilspirale-228x300.png 228w\" sizes=\"auto, (max-width: 250px) 100vw, 250px\" \/><\/figure>\n<\/div>\n\n\n<h2 class=\"wp-block-heading\"><strong>Energetisches Heilen \u2013 R\u00fcckverbindung mit deinem inneren Erleben<\/strong><br><\/h2>\n\n\n\n<p>Es gibt Zeiten, in denen etwas in uns ruft \u2013 nach mehr Frieden, innerer Balance, Klarheit oder Verbundenheit.<\/p>\n\n\n\n<p>In der energetischen Begleitung \u00f6ffne ich dir einen gesch\u00fctzten Raum \u2013 voller Achtsamkeit, Pr\u00e4senz und sanfter Impulse.<br>Ich arbeite achtsam mit deinem feinstofflichen Energiefeld \u2013 \u00fcber feine Wahrnehmung und Ber\u00fchrung \u2013 in tiefer Verbindung mit deinem K\u00f6rperempfinden.<\/p>\n\n\n\n<p>Du darfst loslassen, was sich f\u00fcr dich nicht mehr stimmig anf\u00fchlt.<br>Innere Themen, alte Muster oder emotionale Blockaden k\u00f6nnen sich zeigen \u2013 sanft, in deinem Tempo.<\/p>\n\n\n\n<p>Diese Arbeit ist still \u2013 und gleichzeitig tief ber\u00fchrend.<br>Du brauchst nichts zu leisten, nichts zu wissen \u2013 nur dein inneres Ja, dich wieder etwas mehr zu sp\u00fcren.<br>Manchmal reicht ein Moment der Ruhe, ein Impuls, eine sanfte Ber\u00fchrung, um dich wieder mehr bei dir selbst ankommen zu lassen.<\/p>\n\n\n\n<p>Ich begleite dich auf diesem Weg \u2013 mit Offenheit, Klarheit und tiefem Respekt.<br>Zur\u00fcck in dein Sp\u00fcren. In dein Vertrauen. In dein Licht.<\/p>\n\n\n\n<p>&nbsp;&nbsp;&nbsp;&nbsp;&nbsp;&nbsp;&nbsp;&nbsp;&nbsp;&nbsp;&nbsp;&nbsp;&nbsp;&nbsp;&nbsp;&nbsp;&nbsp;&nbsp;&nbsp;&nbsp;&nbsp;&nbsp;&nbsp;&nbsp;&nbsp;&nbsp;&nbsp;&nbsp;&nbsp;&nbsp;&nbsp;&nbsp;&nbsp;&nbsp;&nbsp;&nbsp;&nbsp;&nbsp;&nbsp;&nbsp;&nbsp;&nbsp;&nbsp;&nbsp;&nbsp;&nbsp;&nbsp;&nbsp;                                  *******<\/p>\n\n\n\n<p><strong>Hinweis gem\u00e4\u00df \u00a73 Heilmittelwerbegesetz (HWG):<\/strong><br>Die beschriebenen Methoden geh\u00f6ren zur Erfahrungsheilkunde. Sie beruhen auf energetischen und spirituellen Ans\u00e4tzen, die naturwissenschaftlich nicht belegt sind. Meine Arbeit ersetzt keine \u00e4rztliche oder psychotherapeutische Behandlung, kann diese jedoch achtsam begleiten.<\/p>\n\n\n\n<p><\/p>\n\n\n\n<p><\/p>\n\n\n\n<h3 class=\"wp-block-heading\">Das k\u00f6nnte dich auch interessieren:<\/h3>\n\n\n\n<p><a href=\"http:\/\/www.youtube.com\/watch?v=HJeQkkly6kQ&amp;feature=player_detailpage\" data-type=\"link\" data-id=\"http:\/\/www.youtube.com\/watch?v=HJeQkkly6kQ&amp;feature=player_detailpage\" target=\"_blank\" rel=\"noreferrer noopener\">Beeindruckender Film von Joachim Faulstich: Das Geheimnis der Heilung (45min)<\/a><\/p>\n\n\n\n<div class=\"wp-block-buttons is-horizontal is-content-justification-left is-layout-flex wp-container-core-buttons-is-layout-c39e78a4 wp-block-buttons-is-layout-flex\">\n<div class=\"wp-block-button is-style-outline is-style-outline--1\"><a class=\"wp-block-button__link has-white-background-color has-text-color has-background has-link-color has-small-font-size has-custom-font-size wp-element-button\" href=\"https:\/\/www.sabinefriess.de\/wordpress\/hormonberatung\/\" style=\"border-radius:100px;color:#e95a07\"><strong>Hormonberatung<\/strong><\/a><\/div>\n\n\n\n<div class=\"wp-block-button is-style-outline is-style-outline--2\"><a class=\"wp-block-button__link has-text-color has-link-color has-small-font-size has-custom-font-size wp-element-button\" href=\"https:\/\/www.sabinefriess.de\/wordpress\/kinderwunsch-therapie-in-hamburg-und-darmstadt-als-einzel-oder-paartherapie\/\" style=\"border-radius:100px;color:#e95a07\"><strong>Kinderwunsch<\/strong><\/a><\/div>\n\n\n\n<div class=\"wp-block-button is-style-outline is-style-outline--3\"><a class=\"wp-block-button__link has-text-color has-link-color has-small-font-size has-custom-font-size wp-element-button\" href=\"https:\/\/www.sabinefriess.de\/wordpress\/akupunktur-nach-nogier\/\" style=\"border-radius:100px;color:#e95a07\"><strong>Akkupunktur<\/strong><\/a><\/div>\n\n\n\n<div class=\"wp-block-button is-style-outline is-style-outline--4\"><a class=\"wp-block-button__link has-text-color has-link-color has-small-font-size has-custom-font-size wp-element-button\" href=\"https:\/\/www.sabinefriess.de\/wordpress\/homoeopathie-vom-heilpraktiker-in-hamburg-und-darmstadt\/\" style=\"border-radius:100px;color:#e95a07\"><strong>Hom\u00f6opathie<\/strong><\/a><\/div>\n\n\n\n<div class=\"wp-block-button is-style-outline is-style-outline--5\"><a class=\"wp-block-button__link has-text-color has-link-color has-small-font-size has-custom-font-size wp-element-button\" href=\"https:\/\/www.sabinefriess.de\/wordpress\/energiemedizin\/\" style=\"border-radius:100px;color:#e95a07\"><strong>Energiemedizin<\/strong><\/a><\/div>\n\n\n\n<div class=\"wp-block-button is-style-outline is-style-outline--6\"><a class=\"wp-block-button__link has-text-color has-link-color has-small-font-size has-custom-font-size wp-element-button\" href=\"https:\/\/www.sabinefriess.de\/wordpress\/fengshui\/\" style=\"border-radius:100px;color:#e95a07\"><strong>Feng Shui<\/strong><\/a><\/div>\n\n\n\n<div class=\"wp-block-button is-style-outline is-style-outline--7\"><a class=\"wp-block-button__link has-text-color has-link-color has-small-font-size has-custom-font-size wp-element-button\" href=\"https:\/\/www.sabinefriess.de\/wordpress\/lust-auf-farbe\/\" style=\"border-radius:100px;color:#e95a07\">Farbberatung<\/a><\/div>\n\n\n\n<div class=\"wp-block-button is-style-outline is-style-outline--8\"><a class=\"wp-block-button__link has-white-color has-text-color has-background has-link-color has-small-font-size has-custom-font-size wp-element-button\" href=\"https:\/\/www.sabinefriess.de\/wordpress\/2024\/04\/19\/veranstaltungen\/\" style=\"border-radius:100px;background-color:#e95a07\"><strong>Veranstaltungen<\/strong><\/a><\/div>\n<\/div>\n\n\n\n<p><\/p>\n\n\n\n<div class=\"wp-block-group alignfull has-background is-vertical is-content-justification-stretch is-layout-flex wp-container-core-group-is-layout-4995e7ae wp-block-group-is-layout-flex\" style=\"background-color:#00000008;padding-top:var(--wp--preset--spacing--50);padding-right:var(--wp--preset--spacing--40);padding-bottom:var(--wp--preset--spacing--50);padding-left:var(--wp--preset--spacing--40)\">\n<div class=\"wp-block-group has-background is-content-justification-center is-nowrap is-layout-flex wp-container-core-group-is-layout-94bc23d7 wp-block-group-is-layout-flex\" style=\"background-color:#e85907e3\">\n<div class=\"wp-block-columns wp-container-content-9cfa9a5a is-layout-flex wp-container-core-columns-is-layout-9d6595d7 wp-block-columns-is-layout-flex\">\n<div class=\"wp-block-column is-vertically-aligned-stretch is-layout-flow wp-block-column-is-layout-flow\">\n<div class=\"wp-block-group\"><div class=\"wp-block-group__inner-container is-layout-constrained wp-block-group-is-layout-constrained\">\n<p class=\"has-text-align-center has-white-color has-text-color has-link-color has-large-font-size wp-elements-7ed14d613eb5ffbb4b27cfa0e5af6be1\">Soul2Harmony <\/p>\n\n\n\n<p class=\"has-text-align-center has-white-color has-text-color has-link-color has-medium-font-size wp-elements-1296e99d91b92ff3c98fc6a7613cc084\" style=\"font-style:normal;font-weight:500\">Sabine Lilith Kroll \u2013 Heilpraktikerin &amp; Coach<\/p>\n\n\n\n<p class=\"has-text-align-center has-white-color has-text-color has-link-color wp-elements-20d0ab7e1a1b684c98b88228e393c853\">Grenzeck 18, 22927 Gro\u00dfhansdorf<\/p>\n\n\n\n<p class=\"has-text-align-center has-white-color has-text-color has-link-color wp-elements-e4edfad9e633dddccf30118232602b32\">Am L\u00f6wentor 15 | 64287 Darmstadt<\/p>\n\n\n\n<p class=\"has-text-align-center has-white-color has-text-color has-link-color wp-elements-b22f09389c9dd68c9a5714bf1400a945\">Tel. 0171 &#8211; 875 62 95 | <a href=\"mailto:info@soul2harmony.de\">info@soul2harmony.de<\/a><\/p>\n<\/div><\/div>\n<\/div>\n<\/div>\n<\/div>\n<\/div>\n","protected":false},"excerpt":{"rendered":"<p>Energetisches Heilen \u2013 R\u00fcckverbindung mit deinem inneren Erleben Es gibt Zeiten, in denen etwas in uns ruft \u2013 nach mehr Frieden, innerer Balance, Klarheit oder Verbundenheit. In der energetischen Begleitung \u00f6ffne ich dir einen gesch\u00fctzten Raum \u2013 voller Achtsamkeit, Pr\u00e4senz und sanfter Impulse.Ich arbeite achtsam mit deinem feinstofflichen Energiefeld \u2013 \u00fcber feine Wahrnehmung und Ber\u00fchrung [&hellip;]<\/p>\n","protected":false},"author":1,"featured_media":0,"parent":0,"menu_order":0,"comment_status":"closed","ping_status":"closed","template":"","meta":{"slim_seo":{"title":"Energiemedizin &amp; Heilarbeit - Soul2Harmony","description":"Energetisches Heilen \u2013 R\u00fcckverbindung mit deinem inneren Erleben Es gibt Zeiten, in denen etwas in uns ruft \u2013 nach mehr Frieden, innerer Balance, Klarheit oder"},"footnotes":""},"class_list":["post-300","page","type-page","status-publish","hentry"],"_links":{"self":[{"href":"https:\/\/www.sabinefriess.de\/wordpress\/wp-json\/wp\/v2\/pages\/300","targetHints":{"allow":["GET"]}}],"collection":[{"href":"https:\/\/www.sabinefriess.de\/wordpress\/wp-json\/wp\/v2\/pages"}],"about":[{"href":"https:\/\/www.sabinefriess.de\/wordpress\/wp-json\/wp\/v2\/types\/page"}],"author":[{"embeddable":true,"href":"https:\/\/www.sabinefriess.de\/wordpress\/wp-json\/wp\/v2\/users\/1"}],"replies":[{"embeddable":true,"href":"https:\/\/www.sabinefriess.de\/wordpress\/wp-json\/wp\/v2\/comments?post=300"}],"version-history":[{"count":13,"href":"https:\/\/www.sabinefriess.de\/wordpress\/wp-json\/wp\/v2\/pages\/300\/revisions"}],"predecessor-version":[{"id":795,"href":"https:\/\/www.sabinefriess.de\/wordpress\/wp-json\/wp\/v2\/pages\/300\/revisions\/795"}],"wp:attachment":[{"href":"https:\/\/www.sabinefriess.de\/wordpress\/wp-json\/wp\/v2\/media?parent=300"}],"curies":[{"name":"wp","href":"https:\/\/api.w.org\/{rel}","templated":true}]}}