{"id":304,"date":"2024-04-19T20:21:16","date_gmt":"2024-04-19T18:21:16","guid":{"rendered":"https:\/\/www.sabinefriess.de\/wordpress\/?page_id=304"},"modified":"2025-08-23T13:19:34","modified_gmt":"2025-08-23T11:19:34","slug":"fengshui","status":"publish","type":"page","link":"https:\/\/www.sabinefriess.de\/wordpress\/fengshui\/","title":{"rendered":"Feng Shui &amp; Farbe &amp; Energetisches Raumclearing"},"content":{"rendered":"\n<h2 class=\"wp-block-heading\">Feng Shui &#8211; R\u00e4ume, die dich st\u00e4rken<\/h2>\n\n\n<div class=\"wp-block-image\">\n<figure class=\"aligncenter size-full\"><img loading=\"lazy\" decoding=\"async\" width=\"300\" height=\"201\" src=\"https:\/\/www.sabinefriess.de\/wordpress\/wp-content\/uploads\/2024\/04\/fengshui.jpg\" alt=\"Fengshui\" class=\"wp-image-305\"\/><\/figure>\n<\/div>\n\n\n<h3 class=\"wp-block-heading\">Bringe deine R\u00e4ume zum L\u00e4cheln \u2013 innen wie au\u00dfen<\/h3>\n\n\n\n<p>Manchmal sp\u00fcren wir: Etwas im Raum f\u00fchlt sich \u201enicht stimmig\u201c an \u2013 auch wenn wir es nicht benennen k\u00f6nnen.<br>Feng Shui unterst\u00fctzt dich dabei, dein Zuhause oder deinen Arbeitsbereich so zu gestalten, dass du dich wohler f\u00fchlst \u2013 getragen, geerdet, gest\u00e4rkt.<\/p>\n\n\n\n<p>Dein Raum ist ein Spiegel deiner inneren Welt. Wenn er in Harmonie ist, kannst du dich leichter entfalten.<br>Ich arbeite intuitiv, achtsam und individuell \u2013 ganz ohne Klischees.<\/p>\n\n\n\n<p>Ob Wohnung, Haus oder Praxis \u2013 wir bringen deine R\u00e4ume in eine neue Schwingung:<br>\u2022 f\u00fcr mehr Ruhe, Leichtigkeit und Klarheit<br>\u2022 f\u00fcr ein Umfeld, das dich wirklich widerspiegelt<br>\u2022 f\u00fcr R\u00e4ume, in denen Menschen sich gern aufhalten<\/p>\n\n\n\n<p>Wenn wir Feng Shui im Au\u00dfen anwenden, kommt eine Wirkung im Inneren in Gang \u2013 genauso, wie Heiltechniken, die wir in unserem Inneren anwenden, sich auch auf unser \u00e4u\u00dferes Umfeld auswirken. <strong>Gutes Feng Shui sieht man nicht! Man sp\u00fcrt es: in der Atmosph\u00e4re, im Licht, in der Stille.<\/strong><\/p>\n\n\n\n<h2 class=\"wp-block-heading\">Energetische Farbberatung<\/h2>\n\n\n\n<p>Farben wirken mehr als wir denken \u2013 sie beeinflussen unser Empfinden, unsere Konzentration und unser inneres Gleichgewicht.<\/p>\n\n\n\n<p>In einer pers\u00f6nlichen Beratung finden wir Farbt\u00f6ne, die dich im Alltag st\u00e4rken, dir Ruhe oder neue Impulse schenken.<br>Farben, die dich umh\u00fcllen und deine R\u00e4ume in individuelle Kraftorte verwandeln.<\/p>\n\n\n\n<h2 class=\"wp-block-heading\">Energetisches Raumclearing \u2013 neue Leichtigkeit schaffen <\/h2>\n\n\n\n<p>R\u00e4ume tragen Erinnerungen &#8211; auch an vergangene Erlebnisse.<\/p>\n\n\n\n<p>Ein Space Clearing hilft, diese energetisch zu l\u00f6sen \u2013 besonders hilfreich:<br>\u2022 beim Einzug in neue R\u00e4ume<br>\u2022 nach belastenden Ereignissen<br>\u2022 bei sp\u00fcrbarem Energiestau<\/p>\n\n\n\n<p>So kann neue Klarheit entstehen \u2013 und ein Raum, der wirklich dir geh\u00f6rt.<\/p>\n\n\n\n<p><\/p>\n\n\n\n<p>Direkt nach meiner 3-j\u00e4hrigen Ausbildung erhielt ich ich einen sehr spannenden Auftrag und meine gr\u00f6\u00dfte Herausforderung: die Feng Shui-Beratung des Stadions des SV Darmstadt 98 zum Open Air-Konzert von Elton John. Auch den K\u00fcnstler durfte ich beraten und seine Aufenthaltsbereiche einrichten, so dass er sich wohl f\u00fchlte und es ihn st\u00e4rkte. Es war ein sehr bewegendes Konzert, bei dem sogar die B\u00e4ume im Hintergrund sich im Takt wiegten.<\/p>\n\n\n\n<div class=\"wp-block-buttons is-horizontal is-content-justification-left is-layout-flex wp-container-core-buttons-is-layout-c39e78a4 wp-block-buttons-is-layout-flex\">\n<div class=\"wp-block-button is-style-outline is-style-outline--1\"><a class=\"wp-block-button__link has-white-background-color has-text-color has-background has-link-color has-small-font-size has-custom-font-size wp-element-button\" href=\"https:\/\/www.sabinefriess.de\/wordpress\/hormonberatung\/\" style=\"border-radius:100px;color:#e95a07\"><strong>Hormonberatung<\/strong><\/a><\/div>\n\n\n\n<div class=\"wp-block-button is-style-outline is-style-outline--2\"><a class=\"wp-block-button__link has-text-color has-link-color has-small-font-size has-custom-font-size wp-element-button\" href=\"https:\/\/www.sabinefriess.de\/wordpress\/kinderwunsch-therapie-in-hamburg-und-darmstadt-als-einzel-oder-paartherapie\/\" style=\"border-radius:100px;color:#e95a07\"><strong>Kinderwunsch<\/strong><\/a><\/div>\n\n\n\n<div class=\"wp-block-button is-style-outline is-style-outline--3\"><a class=\"wp-block-button__link has-text-color has-link-color has-small-font-size has-custom-font-size wp-element-button\" href=\"https:\/\/www.sabinefriess.de\/wordpress\/akupunktur-nach-nogier\/\" style=\"border-radius:100px;color:#e95a07\"><strong>Akkupunktur<\/strong><\/a><\/div>\n\n\n\n<div class=\"wp-block-button is-style-outline is-style-outline--4\"><a class=\"wp-block-button__link has-text-color has-link-color has-small-font-size has-custom-font-size wp-element-button\" href=\"https:\/\/www.sabinefriess.de\/wordpress\/homoeopathie-vom-heilpraktiker-in-hamburg-und-darmstadt\/\" style=\"border-radius:100px;color:#e95a07\"><strong>Hom\u00f6opathie<\/strong><\/a><\/div>\n\n\n\n<div class=\"wp-block-button is-style-outline is-style-outline--5\"><a class=\"wp-block-button__link has-text-color has-link-color has-small-font-size has-custom-font-size wp-element-button\" href=\"https:\/\/www.sabinefriess.de\/wordpress\/energiemedizin\/\" style=\"border-radius:100px;color:#e95a07\"><strong>Energiemedizin<\/strong><\/a><\/div>\n\n\n\n<div class=\"wp-block-button is-style-outline is-style-outline--6\"><a class=\"wp-block-button__link has-text-color has-link-color has-small-font-size has-custom-font-size wp-element-button\" href=\"https:\/\/www.sabinefriess.de\/wordpress\/fengshui\/\" style=\"border-radius:100px;color:#e95a07\"><strong>Feng Shui<\/strong><\/a><\/div>\n\n\n\n<div class=\"wp-block-button is-style-outline is-style-outline--7\"><a class=\"wp-block-button__link has-text-color has-link-color has-small-font-size has-custom-font-size wp-element-button\" href=\"https:\/\/www.sabinefriess.de\/wordpress\/lust-auf-farbe\/\" style=\"border-radius:100px;color:#e95a07\">Farbberatung<\/a><\/div>\n\n\n\n<div class=\"wp-block-button is-style-outline is-style-outline--8\"><a class=\"wp-block-button__link has-white-color has-text-color has-background has-link-color has-small-font-size has-custom-font-size wp-element-button\" href=\"https:\/\/www.sabinefriess.de\/wordpress\/2024\/04\/19\/veranstaltungen\/\" style=\"border-radius:100px;background-color:#e95a07\"><strong>Veranstaltungen<\/strong><\/a><\/div>\n<\/div>\n\n\n\n<p><\/p>\n\n\n\n<div class=\"wp-block-group alignfull has-background is-vertical is-content-justification-stretch is-layout-flex wp-container-core-group-is-layout-4995e7ae wp-block-group-is-layout-flex\" style=\"background-color:#00000008;padding-top:var(--wp--preset--spacing--50);padding-right:var(--wp--preset--spacing--40);padding-bottom:var(--wp--preset--spacing--50);padding-left:var(--wp--preset--spacing--40)\">\n<div class=\"wp-block-group has-background is-content-justification-center is-nowrap is-layout-flex wp-container-core-group-is-layout-94bc23d7 wp-block-group-is-layout-flex\" style=\"background-color:#e85907e3\">\n<div class=\"wp-block-columns wp-container-content-9cfa9a5a is-layout-flex wp-container-core-columns-is-layout-9d6595d7 wp-block-columns-is-layout-flex\">\n<div class=\"wp-block-column is-vertically-aligned-stretch is-layout-flow wp-block-column-is-layout-flow\">\n<div class=\"wp-block-group\"><div class=\"wp-block-group__inner-container is-layout-constrained wp-block-group-is-layout-constrained\">\n<p class=\"has-text-align-center has-white-color has-text-color has-link-color has-large-font-size wp-elements-7ed14d613eb5ffbb4b27cfa0e5af6be1\">Soul2Harmony <\/p>\n\n\n\n<p class=\"has-text-align-center has-white-color has-text-color has-link-color has-medium-font-size wp-elements-1296e99d91b92ff3c98fc6a7613cc084\" style=\"font-style:normal;font-weight:500\">Sabine Lilith Kroll \u2013 Heilpraktikerin &amp; Coach<\/p>\n\n\n\n<p class=\"has-text-align-center has-white-color has-text-color has-link-color wp-elements-6bd0f12d8a801ae538c29fc8d9f7ed4d\">Herz\u00f6ffnungszentrum, Heestweg 16 A | 22143 Hamburg<\/p>\n\n\n\n<p class=\"has-text-align-center has-white-color has-text-color has-link-color wp-elements-e4edfad9e633dddccf30118232602b32\">Am L\u00f6wentor 15 | 64287 Darmstadt<\/p>\n\n\n\n<p class=\"has-text-align-center has-white-color has-text-color has-link-color wp-elements-b22f09389c9dd68c9a5714bf1400a945\">Tel. 0171 &#8211; 875 62 95 | <a href=\"mailto:info@soul2harmony.de\">info@soul2harmony.de<\/a><\/p>\n<\/div><\/div>\n<\/div>\n<\/div>\n<\/div>\n<\/div>\n","protected":false},"excerpt":{"rendered":"<p>Feng Shui &#8211; R\u00e4ume, die dich st\u00e4rken Bringe deine R\u00e4ume zum L\u00e4cheln \u2013 innen wie au\u00dfen Manchmal sp\u00fcren wir: Etwas im Raum f\u00fchlt sich \u201enicht stimmig\u201c an \u2013 auch wenn wir es nicht benennen k\u00f6nnen.Feng Shui unterst\u00fctzt dich dabei, dein Zuhause oder deinen Arbeitsbereich so zu gestalten, dass du dich wohler f\u00fchlst \u2013 getragen, geerdet, [&hellip;]<\/p>\n","protected":false},"author":1,"featured_media":0,"parent":0,"menu_order":0,"comment_status":"closed","ping_status":"closed","template":"","meta":{"slim_seo":{"title":"Feng Shui &amp; Farbe &amp; Energetisches Raumclearing - Soul2Harmony","description":"Feng Shui - R\u00e4ume, die dich st\u00e4rken Bringe deine R\u00e4ume zum L\u00e4cheln \u2013 innen wie au\u00dfen Manchmal sp\u00fcren wir: Etwas im Raum f\u00fchlt sich \u201enicht stimmig\u201c an \u2013 auch wen"},"footnotes":""},"class_list":["post-304","page","type-page","status-publish","hentry"],"_links":{"self":[{"href":"https:\/\/www.sabinefriess.de\/wordpress\/wp-json\/wp\/v2\/pages\/304","targetHints":{"allow":["GET"]}}],"collection":[{"href":"https:\/\/www.sabinefriess.de\/wordpress\/wp-json\/wp\/v2\/pages"}],"about":[{"href":"https:\/\/www.sabinefriess.de\/wordpress\/wp-json\/wp\/v2\/types\/page"}],"author":[{"embeddable":true,"href":"https:\/\/www.sabinefriess.de\/wordpress\/wp-json\/wp\/v2\/users\/1"}],"replies":[{"embeddable":true,"href":"https:\/\/www.sabinefriess.de\/wordpress\/wp-json\/wp\/v2\/comments?post=304"}],"version-history":[{"count":14,"href":"https:\/\/www.sabinefriess.de\/wordpress\/wp-json\/wp\/v2\/pages\/304\/revisions"}],"predecessor-version":[{"id":788,"href":"https:\/\/www.sabinefriess.de\/wordpress\/wp-json\/wp\/v2\/pages\/304\/revisions\/788"}],"wp:attachment":[{"href":"https:\/\/www.sabinefriess.de\/wordpress\/wp-json\/wp\/v2\/media?parent=304"}],"curies":[{"name":"wp","href":"https:\/\/api.w.org\/{rel}","templated":true}]}}