{"id":762,"date":"2025-08-18T15:13:22","date_gmt":"2025-08-18T13:13:22","guid":{"rendered":"https:\/\/www.sabinefriess.de\/wordpress\/?page_id=762"},"modified":"2025-08-29T12:53:30","modified_gmt":"2025-08-29T10:53:30","slug":"willkommen-bei-soul2harmony-auf-dem-weg-zurueck-zu-dir-selbst","status":"publish","type":"page","link":"https:\/\/www.sabinefriess.de\/wordpress\/willkommen-bei-soul2harmony-auf-dem-weg-zurueck-zu-dir-selbst\/","title":{"rendered":"Willkommen bei Soul2Harmony \u2013 auf dem Weg zur\u00fcck zu dir selbst"},"content":{"rendered":"<div class=\"wp-block-image is-style-rounded\">\n<figure class=\"alignright size-large is-resized\"><img loading=\"lazy\" decoding=\"async\" width=\"751\" height=\"1024\" src=\"https:\/\/www.sabinefriess.de\/wordpress\/wp-content\/uploads\/2025\/08\/20220602_134150-scaled-e1756464027730-751x1024.jpg\" alt=\"ich-H\u00d6Z\" class=\"wp-image-802\" style=\"width:148px;height:auto\" srcset=\"https:\/\/www.sabinefriess.de\/wordpress\/wp-content\/uploads\/2025\/08\/20220602_134150-scaled-e1756464027730-751x1024.jpg 751w, https:\/\/www.sabinefriess.de\/wordpress\/wp-content\/uploads\/2025\/08\/20220602_134150-scaled-e1756464027730-220x300.jpg 220w, https:\/\/www.sabinefriess.de\/wordpress\/wp-content\/uploads\/2025\/08\/20220602_134150-scaled-e1756464027730-768x1048.jpg 768w, https:\/\/www.sabinefriess.de\/wordpress\/wp-content\/uploads\/2025\/08\/20220602_134150-scaled-e1756464027730-640x873.jpg 640w, https:\/\/www.sabinefriess.de\/wordpress\/wp-content\/uploads\/2025\/08\/20220602_134150-scaled-e1756464027730.jpg 1126w\" sizes=\"auto, (max-width: 751px) 100vw, 751px\" \/><\/figure>\n<\/div>\n\n\n<p>In meiner Praxis <strong>Soul2Harmony<\/strong> begleite ich Menschen achtsam und intuitiv auf ihrem Weg zu mehr innerer Verbundenheit, Klarheit und Wohlgef\u00fchl.<br>Ich verbinde sanfte energetische Methoden, Coaching-Impulse und ganzheitliches Wissen, um K\u00f6rper, Geist und Seele in ihrer Balance zu unterst\u00fctzen.<\/p>\n\n\n\n<p>Sp\u00fcrst du, dass dein Leben mehr sein k\u00f6nnte \u2013 echter, leichter, erf\u00fcllter?<br>Etwas in dir wei\u00df: Da ist noch mehr. Mehr Tiefe. Mehr Sinn. Mehr du.<br>F\u00fchlst du dich innerlich leer, ersch\u00f6pft oder blockiert?<br>Tr\u00e4gst du einen Kinderwunsch in dir?<br>M\u00f6chtest du wieder mehr in Kontakt mit deinem inneren Erleben kommen?<br>Dann lade ich dich ein, bei dir selbst anzukommen \u2013 in deinem Tempo, in deinem Raum.<\/p>\n\n\n\n<p><strong>\u201eInvestiere in die Liebe \u2013 und in dein erf\u00fclltes Gl\u00fccklichsein. Starte deinen Weg. Jetzt.\u201c<\/strong><strong><\/strong><\/p>\n\n\n\n<p>Ich bin <strong>Sabine Lilith Kroll<\/strong>,<br>Heilpraktikerin und Coach \u2013 mit Herz, Erfahrung und einer tiefen Verbindung zu ganzheitlicher Begleitung.<\/p>\n\n\n\n<p>F\u00fchlst du, dass es Zeit ist, dich selbst wieder wahrzunehmen?<br>Dann folge deiner Intuition \u2013 und st\u00f6bere gerne weiter auf meiner Website.<\/p>\n\n\n\n<p>Ich freue mich darauf, dich ein St\u00fcck deines Weges begleiten zu d\u00fcrfen.<br><strong>Soul2Harmony \u2013 weil deine Seele geh\u00f6rt werden will<\/strong><\/p>\n\n\n\n\n\n<p>\u00a0\u00a0\u00a0\u00a0\u00a0\u00a0\u00a0\u00a0 <\/p>\n\n\n","protected":false},"excerpt":{"rendered":"<p>In meiner Praxis Soul2Harmony begleite ich Menschen achtsam und intuitiv auf ihrem Weg zu mehr innerer Verbundenheit, Klarheit und Wohlgef\u00fchl.Ich verbinde sanfte energetische Methoden, Coaching-Impulse und ganzheitliches Wissen, um K\u00f6rper, Geist und Seele in ihrer Balance zu unterst\u00fctzen. Sp\u00fcrst du, dass dein Leben mehr sein k\u00f6nnte \u2013 echter, leichter, erf\u00fcllter?Etwas in dir wei\u00df: Da ist [&hellip;]<\/p>\n","protected":false},"author":1,"featured_media":0,"parent":0,"menu_order":1,"comment_status":"closed","ping_status":"closed","template":"","meta":{"slim_seo":{"title":"Willkommen bei Soul2Harmony \u2013 auf dem Weg zur\u00fcck zu dir selbst - Soul2Harmony","description":"In meiner Praxis Soul2Harmony begleite ich Menschen achtsam und intuitiv auf ihrem Weg zu mehr innerer Verbundenheit, Klarheit und Wohlgef\u00fchl. Ich verbinde sanf"},"footnotes":""},"class_list":["post-762","page","type-page","status-publish","hentry"],"_links":{"self":[{"href":"https:\/\/www.sabinefriess.de\/wordpress\/wp-json\/wp\/v2\/pages\/762","targetHints":{"allow":["GET"]}}],"collection":[{"href":"https:\/\/www.sabinefriess.de\/wordpress\/wp-json\/wp\/v2\/pages"}],"about":[{"href":"https:\/\/www.sabinefriess.de\/wordpress\/wp-json\/wp\/v2\/types\/page"}],"author":[{"embeddable":true,"href":"https:\/\/www.sabinefriess.de\/wordpress\/wp-json\/wp\/v2\/users\/1"}],"replies":[{"embeddable":true,"href":"https:\/\/www.sabinefriess.de\/wordpress\/wp-json\/wp\/v2\/comments?post=762"}],"version-history":[{"count":6,"href":"https:\/\/www.sabinefriess.de\/wordpress\/wp-json\/wp\/v2\/pages\/762\/revisions"}],"predecessor-version":[{"id":813,"href":"https:\/\/www.sabinefriess.de\/wordpress\/wp-json\/wp\/v2\/pages\/762\/revisions\/813"}],"wp:attachment":[{"href":"https:\/\/www.sabinefriess.de\/wordpress\/wp-json\/wp\/v2\/media?parent=762"}],"curies":[{"name":"wp","href":"https:\/\/api.w.org\/{rel}","templated":true}]}}