{"id":93,"date":"2024-04-19T12:57:07","date_gmt":"2024-04-19T10:57:07","guid":{"rendered":"https:\/\/www.sabinefriess.de\/wordpress\/?page_id=93"},"modified":"2025-08-18T17:22:21","modified_gmt":"2025-08-18T15:22:21","slug":"impressum","status":"publish","type":"page","link":"https:\/\/www.sabinefriess.de\/wordpress\/impressum\/","title":{"rendered":"Impressum"},"content":{"rendered":"\n<p><strong>Verantwortlich f\u00fcr den Inhalt der Website i.S.d. \u00a7 18 Abs. 2 MStV<\/strong><br>Sabine Kroll<br>Grenzeck 18<br>22927 Gro\u00dfhansdorf<br>Tel.: 0171 \u2013 875 62 95<br>E-Mail: sabine.kroll@email.de<\/p>\n\n\n\n<p><strong>Hinweis gem\u00e4\u00df \u00a7 4 Nr. 14 UStG<\/strong><br>Die heilkundliche T\u00e4tigkeit ist gem\u00e4\u00df \u00a7 4 Nr. 14 UStG von der Umsatzsteuer befreit.<br>Aus diesem Grund erhebe ich keine Umsatzsteuer und weise diese folglich auch nicht aus.<br>In meiner T\u00e4tigkeit als Coach und Trainerin bin ich umsatzsteuerpflichtig.<\/p>\n\n\n\n<h4 class=\"wp-block-heading\"><strong>Gesetzliche Berufsbezeichnung:<\/strong><br><strong>Heilpraktikerin<\/strong><\/h4>\n\n\n\n<p><strong>Zust\u00e4ndige Aufsichtsbeh\u00f6rde:<\/strong><\/p>\n\n\n\n<ul class=\"wp-block-list\">\n<li>Gesundheitsamt Darmstadt, Niersteiner Stra\u00dfe 3, 64289 Darmstadt<\/li>\n\n\n\n<li>Freie und Hansestadt Hamburg, Bezirksamt Wandsbek, Gesundheitsamt, Schlo\u00dfstra\u00dfe 8e, 22041 Hamburg<br>Die Erlaubnis zur Aus\u00fcbung der Heilkunde wurde durch das Gesundheitsamt Hofheim, Main-Taunus-Kreis, am 07.05.2012 erteilt.<\/li>\n<\/ul>\n\n\n\n<p><strong>Angaben zur Berufshaftpflichtversicherung:<\/strong><br>Berufshaftpflichtversichert bei: Continentale Versicherungs AG<br>Geltungsbereich: Deutschland<\/p>\n\n\n\n<h3 class=\"wp-block-heading\"><strong>Berufsrechtliche Regelungen:<\/strong><\/h3>\n\n\n\n<p>Gesetz \u00fcber die berufsm\u00e4\u00dfige Aus\u00fcbung der Heilkunde ohne Bestallung (Heilpraktikergesetz, HeilprG) und Durchf\u00fchrungsverordnung:<br><a href=\"https:\/\/www.gesetze-im-internet.de\/heilprg\/\">HeilprG<\/a><br><a href=\"https:\/\/www.gesetze-im-internet.de\/heilprgdv_1\/\">HeilprGDV 1<\/a><\/p>\n\n\n\n<p>Berufsordnung f\u00fcr Heilpraktiker (BOH)<\/p>\n\n\n\n<p>Leitlinien zur \u00dcberpr\u00fcfung von Heilpraktikeranw\u00e4rterinnen und -anw\u00e4rtern:<br><a href=\"https:\/\/www.bundesanzeiger.de\/pub\/publication\/d6Pk1lbZta8EPCulJuE\">Bundesanzeiger \u2013 Leitlinien<\/a><\/p>\n\n\n\n<p><strong>Verbandsmitgliedschaft:<\/strong><br>Mitglied im Verband Unabh\u00e4ngiger Heilpraktiker e.V. (VUH), Mitgliedsnummer: 5986<br><a href=\"https:\/\/www.heilpraktikerverband.de\/\">www.heilpraktikerverband.de<\/a><br><a href=\"https:\/\/www.heilpraktikerverband.de\/verband\/berufsordnung\">Berufsordnung VUH e.V.<\/a><\/p>\n\n\n\n<p><strong>Urheberangabe der verwendeten Bilder \/ Bildnachweis:<\/strong><br>Texte und Gestaltung der Website:<\/p>\n\n\n\n<p><a href=\"http:\/\/www.woerterfall.de\/\" target=\"_blank\" rel=\"noreferrer noopener\">w\u00f6rterfall \u2013 die kommunikationswerkstatt<\/a><br>Michaela Albrecht<br>Texte, Design, Marketing f\u00fcr spirituelle Unternehmer.<br>Mediation und Trainings in Einf\u00fchlsamer Kommunikation<\/p>\n\n\n\n<h3 class=\"wp-block-heading\">Fotos:<\/h3>\n\n\n\n<p>Portrait, Hom\u00f6opathie, Sch\u00fc\u00dfler-Salze: Michaela Albrecht<br>Ohrakupunktur: Dirk L\u00f6ffelbein@fotolia.de<br>Energiemedizin, Bachbl\u00fcten, Kinderwunsch, Feng Shui, Farbberatung, Philosophie: Sabine Lilith Kroll (eh. Frie\u00df)<br><\/p>\n\n\n\n<p><strong>Haftungsausschluss<\/strong><\/p>\n\n\n\n<p><strong>1. Haftungsbeschr\u00e4nkung<\/strong><br>Die Inhalte dieser Seiten wurden mit gr\u00f6\u00dfter Sorgfalt erstellt. F\u00fcr die Richtigkeit, Vollst\u00e4ndigkeit und Aktualit\u00e4t der Inhalte \u00fcbernehme ich jedoch keine Gew\u00e4hr. Die Nutzung der Inhalte erfolgt auf eigene Gefahr. Namentlich gekennzeichnete Beitr\u00e4ge geben die Meinung des jeweiligen Autors wieder. Durch die Nutzung dieser Website kommt kein Vertragsverh\u00e4ltnis zustande.<\/p>\n\n\n\n<p><strong>2. Externe Links<\/strong><br>Diese Website enth\u00e4lt Verkn\u00fcpfungen zu externen Websites Dritter. F\u00fcr die Inhalte dieser externen Seiten ist ausschlie\u00dflich deren Betreiber verantwortlich. Zum Zeitpunkt der erstmaligen Verlinkung wurden die Inhalte auf Rechtsverst\u00f6\u00dfe gepr\u00fcft \u2013 rechtswidrige Inhalte waren nicht erkennbar. Eine dauerhafte Kontrolle ist ohne konkrete Anhaltspunkte nicht zumutbar. Bei Bekanntwerden von Rechtsverletzungen werden solche Links unverz\u00fcglich entfernt.<\/p>\n\n\n\n<p><strong>3. Urheberrecht<\/strong><br>Alle Inhalte und Werke auf diesen Seiten unterliegen dem deutschen Urheberrecht. Vervielf\u00e4ltigung, Bearbeitung oder Verwertung au\u00dferhalb der gesetzlich zul\u00e4ssigen Grenzen bed\u00fcrfen der vorherigen schriftlichen Zustimmung. Downloads und Kopien sind nur f\u00fcr den privaten, nicht kommerziellen Gebrauch gestattet. Inhalte Dritter sind als solche gekennzeichnet.<\/p>\n\n\n\n<p><strong>4. Datenschutz<\/strong><br>Es gilt die aktuelle Datenschutzerkl\u00e4rung.<\/p>\n\n\n\n<p><strong>5. Besondere Nutzungsbedingungen<\/strong><br>Soweit besondere Bedingungen f\u00fcr einzelne Nutzungen gelten, wird an entsprechender Stelle darauf hingewiesen.<\/p>\n\n\n\n<p><strong>6. Hinweis zu Abmahnungen<\/strong><br>Sollten Sie der Auffassung sein, dass diese Website gegen geltendes Recht verst\u00f6\u00dft, bitte ich um einen kostenlosen, freundlichen Hinweis. Der betreffende Inhalt wird dann umgehend gepr\u00fcft und ggf. entfernt.<\/p>\n\n\n\n<p><strong>Hinweis gem. \u00a7 36 VSBG<\/strong><br>An Streitbeilegungsverfahren vor einer Verbraucherschlichtungsstelle nehme ich nicht teil und bin hierzu auch nicht verpflichtet.<br>EU-Online-Streitbeilegungsplattform<\/p>\n\n\n\n<p><strong>Wirtschaftsidentifikationsnummer (W-IdNr.):<\/strong><br><em>[wird nach Erhalt erg\u00e4nzt]<\/em><\/p>\n\n\n\n<p><strong>Verantwortlich f\u00fcr die Datenverarbeitung:<\/strong><br>Sabine Kroll<br>Grenzeck 18, 22927 Gro\u00dfhansdorf<br>Tel.: 0171 \u2013 875 62 95<br>E-Mail: sabine.kroll@email.de<\/p>\n\n\n\n<p><strong>Datenschutzaufsicht (Hamburg):<\/strong><br>Der Hamburgische Beauftragte f\u00fcr Datenschutz und Informationsfreiheit<br>Kurt-Schumacher-Allee 4, 20097 Hamburg<br>Tel.: 040 \u2013 42854 4040<br>E-Mail: mailbox@datenschutz.hamburg.de<\/p>\n\n\n\n<p><strong>Sonstiges:<\/strong><br>Garantien, die \u00fcber die gesetzlichen Gew\u00e4hrleistungsrechte hinausgehen, werden nicht gew\u00e4hrt.<\/p>\n\n\n\n<p><strong>Soul2Harmony \u2013 Sabine Kroll \u2013 Heilpraktikerin<\/strong><\/p>\n\n\n\n<p><\/p>\n\n\n\n<h3 class=\"wp-block-heading\"><\/h3>\n\n\n\n<h3 class=\"wp-block-heading\"><\/h3>\n\n\n\n<h3 class=\"wp-block-heading\"><\/h3>\n\n\n\n<div class=\"wp-block-group alignfull has-background is-vertical is-content-justification-stretch is-layout-flex wp-container-core-group-is-layout-4995e7ae wp-block-group-is-layout-flex\" style=\"background-color:#00000008;padding-top:var(--wp--preset--spacing--50);padding-right:var(--wp--preset--spacing--40);padding-bottom:var(--wp--preset--spacing--50);padding-left:var(--wp--preset--spacing--40)\">\n<div class=\"wp-block-group has-background is-content-justification-center is-nowrap is-layout-flex wp-container-core-group-is-layout-94bc23d7 wp-block-group-is-layout-flex\" style=\"background-color:#e85907e3\">\n<div class=\"wp-block-columns wp-container-content-9cfa9a5a is-layout-flex wp-container-core-columns-is-layout-9d6595d7 wp-block-columns-is-layout-flex\">\n<div class=\"wp-block-column is-vertically-aligned-stretch is-layout-flow wp-block-column-is-layout-flow\">\n<div class=\"wp-block-group\"><div class=\"wp-block-group__inner-container is-layout-constrained wp-block-group-is-layout-constrained\">\n<p class=\"has-text-align-center has-white-color has-text-color has-link-color has-large-font-size wp-elements-7ed14d613eb5ffbb4b27cfa0e5af6be1\">Soul2Harmony <\/p>\n\n\n\n<p class=\"has-text-align-center has-white-color has-text-color has-link-color has-medium-font-size wp-elements-1296e99d91b92ff3c98fc6a7613cc084\" style=\"font-style:normal;font-weight:500\">Sabine Lilith Kroll \u2013 Heilpraktikerin &amp; Coach<\/p>\n\n\n\n<p class=\"has-text-align-center has-white-color has-text-color has-link-color wp-elements-6bd0f12d8a801ae538c29fc8d9f7ed4d\">Herz\u00f6ffnungszentrum, Heestweg 16 A | 22143 Hamburg<\/p>\n\n\n\n<p class=\"has-text-align-center has-white-color has-text-color has-link-color wp-elements-e4edfad9e633dddccf30118232602b32\">Am L\u00f6wentor 15 | 64287 Darmstadt<\/p>\n\n\n\n<p class=\"has-text-align-center has-white-color has-text-color has-link-color wp-elements-2fa4d156a1a35b5caa4f1d53ce432e68\">Tel. 0171 &#8211; 875 62 95 | <a href=\"mailto:info@soul2harmony.de\">sabine.kroll@email.de<\/a><\/p>\n<\/div><\/div>\n<\/div>\n<\/div>\n<\/div>\n<\/div>\n","protected":false},"excerpt":{"rendered":"<p>Verantwortlich f\u00fcr den Inhalt der Website i.S.d. \u00a7 18 Abs. 2 MStVSabine KrollGrenzeck 1822927 Gro\u00dfhansdorfTel.: 0171 \u2013 875 62 95E-Mail: sabine.kroll@email.de Hinweis gem\u00e4\u00df \u00a7 4 Nr. 14 UStGDie heilkundliche T\u00e4tigkeit ist gem\u00e4\u00df \u00a7 4 Nr. 14 UStG von der Umsatzsteuer befreit.Aus diesem Grund erhebe ich keine Umsatzsteuer und weise diese folglich auch nicht aus.In meiner [&hellip;]<\/p>\n","protected":false},"author":1,"featured_media":0,"parent":0,"menu_order":0,"comment_status":"closed","ping_status":"closed","template":"","meta":{"slim_seo":{"title":"Impressum - Soul2Harmony","description":"Verantwortlich f\u00fcr den Inhalt der Website i.S.d. \u00a7 18 Abs. 2 MStV Sabine Kroll Grenzeck 18 22927 Gro\u00dfhansdorf Tel.: 0171 \u2013 875 62 95 E-Mail: sabine.kroll@email."},"footnotes":""},"class_list":["post-93","page","type-page","status-publish","hentry"],"_links":{"self":[{"href":"https:\/\/www.sabinefriess.de\/wordpress\/wp-json\/wp\/v2\/pages\/93","targetHints":{"allow":["GET"]}}],"collection":[{"href":"https:\/\/www.sabinefriess.de\/wordpress\/wp-json\/wp\/v2\/pages"}],"about":[{"href":"https:\/\/www.sabinefriess.de\/wordpress\/wp-json\/wp\/v2\/types\/page"}],"author":[{"embeddable":true,"href":"https:\/\/www.sabinefriess.de\/wordpress\/wp-json\/wp\/v2\/users\/1"}],"replies":[{"embeddable":true,"href":"https:\/\/www.sabinefriess.de\/wordpress\/wp-json\/wp\/v2\/comments?post=93"}],"version-history":[{"count":13,"href":"https:\/\/www.sabinefriess.de\/wordpress\/wp-json\/wp\/v2\/pages\/93\/revisions"}],"predecessor-version":[{"id":699,"href":"https:\/\/www.sabinefriess.de\/wordpress\/wp-json\/wp\/v2\/pages\/93\/revisions\/699"}],"wp:attachment":[{"href":"https:\/\/www.sabinefriess.de\/wordpress\/wp-json\/wp\/v2\/media?parent=93"}],"curies":[{"name":"wp","href":"https:\/\/api.w.org\/{rel}","templated":true}]}}